{"id":12,"date":"2023-12-18T22:07:33","date_gmt":"2023-12-18T22:07:33","guid":{"rendered":"https:\/\/baniaesthetic.com\/?page_id=12"},"modified":"2023-12-23T00:55:09","modified_gmt":"2023-12-23T00:55:09","slug":"home","status":"publish","type":"page","link":"https:\/\/baniaesthetic.com\/","title":{"rendered":"Home"},"content":{"rendered":"\t\t<div data-elementor-type=\"wp-page\" data-elementor-id=\"12\" class=\"elementor elementor-12\">\n\t\t\t\t\t\t\t<div class=\"elementor-element elementor-element-0e157de e-con-full e-flex e-con e-parent\" data-id=\"0e157de\" data-element_type=\"container\" data-settings=\"{&quot;content_width&quot;:&quot;full&quot;}\" data-core-v316-plus=\"true\">\n\t\t\t\t<div class=\"elementor-element elementor-element-4d77a34 elementor-widget__width-inherit elementor-testimonial--align-left elementor-testimonial--skin-default elementor-testimonial--layout-image_inline elementor-pagination-type-bullets elementor-widget elementor-widget-testimonial-carousel\" data-id=\"4d77a34\" data-element_type=\"widget\" data-settings=\"{&quot;slides_per_view&quot;:&quot;1&quot;,&quot;slides_to_scroll&quot;:&quot;1&quot;,&quot;space_between&quot;:{&quot;unit&quot;:&quot;px&quot;,&quot;size&quot;:0,&quot;sizes&quot;:[]},&quot;pagination&quot;:&quot;bullets&quot;,&quot;speed&quot;:500,&quot;autoplay&quot;:&quot;yes&quot;,&quot;autoplay_speed&quot;:5000,&quot;loop&quot;:&quot;yes&quot;,&quot;pause_on_hover&quot;:&quot;yes&quot;,&quot;pause_on_interaction&quot;:&quot;yes&quot;,&quot;space_between_tablet&quot;:{&quot;unit&quot;:&quot;px&quot;,&quot;size&quot;:10,&quot;sizes&quot;:[]},&quot;space_between_mobile&quot;:{&quot;unit&quot;:&quot;px&quot;,&quot;size&quot;:10,&quot;sizes&quot;:[]}}\" data-widget_type=\"testimonial-carousel.default\">\n\t\t\t\t<div class=\"elementor-widget-container\">\n\t\t\t<link rel=\"stylesheet\" href=\"https:\/\/baniaesthetic.com\/wp-content\/plugins\/elementor-pro\/assets\/css\/widget-carousel.min.css\">\t\t<div class=\"elementor-swiper\">\n\t\t\t<div class=\"elementor-main-swiper swiper-container\">\n\t\t\t\t<div class=\"swiper-wrapper\">\n\t\t\t\t\t\t\t\t\t\t\t<div class=\"swiper-slide\">\n\t\t\t\t\t\t\t\t\t<div class=\"elementor-testimonial\">\n\t\t\t\t\t\t\t<div class=\"elementor-testimonial__content\">\n\t\t\t\t\t<div class=\"elementor-testimonial__text\">\n\t\t\t\t\t\t\t\t<div data-elementor-type=\"section\" data-elementor-id=\"131\" class=\"elementor elementor-131\">\n\t\t\t\t\t\t<div class=\"elementor-element elementor-element-ff02b04 e-con-full e-flex e-con e-parent\" data-id=\"ff02b04\" data-element_type=\"container\" data-settings=\"{&quot;content_width&quot;:&quot;full&quot;}\" data-core-v316-plus=\"true\">\n\t\t<div class=\"elementor-element elementor-element-38cb00c e-con-full e-flex e-con e-child\" data-id=\"38cb00c\" data-element_type=\"container\" data-settings=\"{&quot;content_width&quot;:&quot;full&quot;}\">\n\t\t\t\t<div class=\"elementor-element elementor-element-b59b72e elementor-widget__width-inherit elementor-widget elementor-widget-image\" data-id=\"b59b72e\" data-element_type=\"widget\" data-widget_type=\"image.default\">\n\t\t\t\t<div class=\"elementor-widget-container\">\n\t\t\t\t\t\t\t\t\t\t\t\t\t\t\t<img fetchpriority=\"high\" decoding=\"async\" width=\"800\" height=\"534\" src=\"https:\/\/baniaesthetic.com\/wp-content\/uploads\/2023\/12\/Untitled-design-4-1024x683.png\" class=\"attachment-large size-large wp-image-159\" alt=\"\" srcset=\"https:\/\/baniaesthetic.com\/wp-content\/uploads\/2023\/12\/Untitled-design-4-1024x683.png 1024w, https:\/\/baniaesthetic.com\/wp-content\/uploads\/2023\/12\/Untitled-design-4-300x200.png 300w, https:\/\/baniaesthetic.com\/wp-content\/uploads\/2023\/12\/Untitled-design-4-768x512.png 768w, https:\/\/baniaesthetic.com\/wp-content\/uploads\/2023\/12\/Untitled-design-4-1536x1024.png 1536w, https:\/\/baniaesthetic.com\/wp-content\/uploads\/2023\/12\/Untitled-design-4-2048x1366.png 2048w\" sizes=\"(max-width: 800px) 100vw, 800px\" \/>\t\t\t\t\t\t\t\t\t\t\t\t\t\t\t<\/div>\n\t\t\t\t<\/div>\n\t\t\t\t<\/div>\n\t\t<div class=\"elementor-element elementor-element-47b9f19 e-con-full e-flex e-con e-child\" data-id=\"47b9f19\" data-element_type=\"container\" data-settings=\"{&quot;content_width&quot;:&quot;full&quot;,&quot;background_background&quot;:&quot;classic&quot;}\">\n\t\t\t\t<div class=\"elementor-element elementor-element-b0327c8 elementor-widget elementor-widget-text-editor\" data-id=\"b0327c8\" data-element_type=\"widget\" data-widget_type=\"text-editor.default\">\n\t\t\t\t<div class=\"elementor-widget-container\">\n\t\t\t\t\t\t\t<p>Doktor Bani pioner i stomatologjise moderne .<br \/>Ai sjell te gjitha njohurite , Pasionin dhe talentin e tij duke perdorur teknikat me te fundit per te transformuar buzeqeshjen tuaj .<br \/>Vlerat e tij jane pasioni , miresia , ekspertiza dhe transparenca qe e shoqerojne ne cdo moment te punes.<\/p>\t\t\t\t\t\t<\/div>\n\t\t\t\t<\/div>\n\t\t\t\t<\/div>\n\t\t\t\t<\/div>\n\t\t\t\t\t\t<\/div>\n\t\t\t\t\t\t\t<\/div>\n\t\t\t\t\t\t\t\t\t<\/div>\n\t\t\t\t\t\t<div class=\"elementor-testimonial__footer\">\n\t\t\t\t\t\t\t\t\t\t\t<\/div>\n\t\t<\/div>\n\t\t\t\t\t\t\t\t<\/div>\n\t\t\t\t\t\t\t\t\t\t\t<div class=\"swiper-slide\">\n\t\t\t\t\t\t\t\t\t<div class=\"elementor-testimonial\">\n\t\t\t\t\t\t\t<div class=\"elementor-testimonial__content\">\n\t\t\t\t\t<div class=\"elementor-testimonial__text\">\n\t\t\t\t\t\t\t\t<div data-elementor-type=\"section\" data-elementor-id=\"128\" class=\"elementor elementor-128\">\n\t\t\t\t\t\t<div class=\"elementor-element elementor-element-c721ad8 e-con-full e-flex e-con e-parent\" data-id=\"c721ad8\" data-element_type=\"container\" data-settings=\"{&quot;content_width&quot;:&quot;full&quot;}\" data-core-v316-plus=\"true\">\n\t\t<div class=\"elementor-element elementor-element-daf60ad e-con-full e-flex e-con e-child\" data-id=\"daf60ad\" data-element_type=\"container\" data-settings=\"{&quot;content_width&quot;:&quot;full&quot;,&quot;background_background&quot;:&quot;classic&quot;}\">\n\t\t\t\t<\/div>\n\t\t<div class=\"elementor-element elementor-element-47ee7eb e-con-full e-flex e-con e-child\" data-id=\"47ee7eb\" data-element_type=\"container\" data-settings=\"{&quot;content_width&quot;:&quot;full&quot;,&quot;background_background&quot;:&quot;classic&quot;}\">\n\t\t\t\t<div class=\"elementor-element elementor-element-a392924 elementor-widget elementor-widget-text-editor\" data-id=\"a392924\" data-element_type=\"widget\" data-widget_type=\"text-editor.default\">\n\t\t\t\t<div class=\"elementor-widget-container\">\n\t\t\t\t\t\t\t<p>Klinik\u00ebn Dentare Bani Aesthetics kan\u00eb nj\u00eb laborator t\u00eb qeramik\u00ebs moderne. Kjo struktur\u00eb e brendshme i mund\u00ebson Doktor Bani dhe ekipit t\u00eb tij t\u00eb k\u00ebrkojn\u00eb nj\u00eb mbik\u00ebqyrje t\u00eb jasht\u00ebzakonshme n\u00eb procesin e personalizimit, duke reduktuar ndjesh\u00ebm koh\u00ebn e kthimit dhe duke lejuar akses t\u00eb papar\u00eb midis qeramist\u00ebve dhe pacient\u00ebve, t\u00eb gjitha duke ofruar nj\u00eb nivel t\u00eb patejkaluesh\u00ebm cil\u00ebsie, personalizimi dhe komoditeti.<\/p>\t\t\t\t\t\t<\/div>\n\t\t\t\t<\/div>\n\t\t\t\t<\/div>\n\t\t\t\t<\/div>\n\t\t\t\t\t\t<\/div>\n\t\t\t\t\t\t\t<\/div>\n\t\t\t\t\t\t\t\t\t<\/div>\n\t\t\t\t\t\t<div class=\"elementor-testimonial__footer\">\n\t\t\t\t\t\t\t\t\t\t\t<\/div>\n\t\t<\/div>\n\t\t\t\t\t\t\t\t<\/div>\n\t\t\t\t\t\t\t\t\t\t\t<div class=\"swiper-slide\">\n\t\t\t\t\t\t\t\t\t<div class=\"elementor-testimonial\">\n\t\t\t\t\t\t\t<div class=\"elementor-testimonial__content\">\n\t\t\t\t\t<div class=\"elementor-testimonial__text\">\n\t\t\t\t\t\t\t\t<div data-elementor-type=\"section\" data-elementor-id=\"125\" class=\"elementor elementor-125\">\n\t\t\t\t\t\t<div class=\"elementor-element elementor-element-3c3fe7a e-con-full e-flex e-con e-parent\" data-id=\"3c3fe7a\" data-element_type=\"container\" data-settings=\"{&quot;content_width&quot;:&quot;full&quot;}\" data-core-v316-plus=\"true\">\n\t\t<div class=\"elementor-element elementor-element-30682dc e-con-full e-flex e-con e-child\" data-id=\"30682dc\" data-element_type=\"container\" data-settings=\"{&quot;content_width&quot;:&quot;full&quot;}\">\n\t\t\t\t<div class=\"elementor-element elementor-element-bd582d6 elementor-widget__width-inherit elementor-widget elementor-widget-image\" data-id=\"bd582d6\" data-element_type=\"widget\" data-widget_type=\"image.default\">\n\t\t\t\t<div class=\"elementor-widget-container\">\n\t\t\t\t\t\t\t\t\t\t\t\t\t\t\t<img decoding=\"async\" width=\"800\" height=\"543\" src=\"https:\/\/baniaesthetic.com\/wp-content\/uploads\/2023\/12\/image00103-1024x695.jpeg\" class=\"attachment-large size-large wp-image-19\" alt=\"\" srcset=\"https:\/\/baniaesthetic.com\/wp-content\/uploads\/2023\/12\/image00103-1024x695.jpeg 1024w, https:\/\/baniaesthetic.com\/wp-content\/uploads\/2023\/12\/image00103-300x204.jpeg 300w, https:\/\/baniaesthetic.com\/wp-content\/uploads\/2023\/12\/image00103-768x521.jpeg 768w, https:\/\/baniaesthetic.com\/wp-content\/uploads\/2023\/12\/image00103.jpeg 1284w\" sizes=\"(max-width: 800px) 100vw, 800px\" \/>\t\t\t\t\t\t\t\t\t\t\t\t\t\t\t<\/div>\n\t\t\t\t<\/div>\n\t\t\t\t<\/div>\n\t\t<div class=\"elementor-element elementor-element-b099f47 e-con-full e-flex e-con e-child\" data-id=\"b099f47\" data-element_type=\"container\" data-settings=\"{&quot;content_width&quot;:&quot;full&quot;,&quot;background_background&quot;:&quot;classic&quot;}\">\n\t\t\t\t<div class=\"elementor-element elementor-element-b7cec77 elementor-widget elementor-widget-text-editor\" data-id=\"b7cec77\" data-element_type=\"widget\" data-widget_type=\"text-editor.default\">\n\t\t\t\t<div class=\"elementor-widget-container\">\n\t\t\t\t\t\t\t<p>Trajnimi dhe teknikat n\u00eb Klinik\u00ebn Dentare Bani Aesthetics variojn\u00eb nga p\u00ebrzierja jon\u00eb e qeramik\u00ebs q\u00eb imiton nga af\u00ebr dh\u00ebmb\u00ebt natyral\u00eb, tek procesi yn\u00eb unik p\u00ebr krijimin e harmonis\u00eb s\u00eb fytyr\u00ebs p\u00ebrmes buz\u00ebqeshjes , kujdesi q\u00eb ne u ofrojm\u00eb klient\u00ebve tan\u00eb \u00ebsht\u00eb me t\u00eb v\u00ebrtet\u00eb i ve\u00e7ant\u00eb. T\u00eb gjith\u00eb n\u00eb ekipin ton\u00eb ndajn\u00eb trajnimin dhe filozofin\u00eb e Doctor Bani n\u00eb dizajnin estetik t\u00eb fytyr\u00ebs.<\/p>\t\t\t\t\t\t<\/div>\n\t\t\t\t<\/div>\n\t\t\t\t<\/div>\n\t\t\t\t<\/div>\n\t\t\t\t\t\t<\/div>\n\t\t\t\t\t\t\t<\/div>\n\t\t\t\t\t\t\t\t\t<\/div>\n\t\t\t\t\t\t<div class=\"elementor-testimonial__footer\">\n\t\t\t\t\t\t\t\t\t\t\t<\/div>\n\t\t<\/div>\n\t\t\t\t\t\t\t\t<\/div>\n\t\t\t\t\t\t\t\t\t<\/div>\n\t\t\t\t\t\t\t\t\t\t\t\t\t\t\t<div class=\"swiper-pagination\"><\/div>\n\t\t\t\t\t\t\t\t\t\t\t\t\t\t\t\t\t<\/div>\n\t\t<\/div>\n\t\t\t\t<\/div>\n\t\t\t\t<\/div>\n\t\t\t\t<\/div>\n\t\t<div class=\"elementor-element elementor-element-884add3 e-flex e-con-boxed e-con e-parent\" data-id=\"884add3\" data-element_type=\"container\" data-settings=\"{&quot;content_width&quot;:&quot;boxed&quot;}\" data-core-v316-plus=\"true\">\n\t\t\t\t\t<div class=\"e-con-inner\">\n\t\t<div class=\"elementor-element elementor-element-25e6142 e-flex e-con-boxed e-con e-child\" data-id=\"25e6142\" data-element_type=\"container\" data-settings=\"{&quot;content_width&quot;:&quot;boxed&quot;}\">\n\t\t\t\t\t<div class=\"e-con-inner\">\n\t\t\t\t<div class=\"elementor-element elementor-element-284add2 elementor-widget elementor-widget-image\" data-id=\"284add2\" data-element_type=\"widget\" data-widget_type=\"image.default\">\n\t\t\t\t<div class=\"elementor-widget-container\">\n\t\t\t<style>\/*! elementor - v3.18.0 - 08-12-2023 *\/\n.elementor-widget-image{text-align:center}.elementor-widget-image a{display:inline-block}.elementor-widget-image a img[src$=\".svg\"]{width:48px}.elementor-widget-image img{vertical-align:middle;display:inline-block}<\/style>\t\t\t\t\t\t\t\t\t\t\t\t\t<a href=\"https:\/\/baniaesthetic.com\/index.php\/kontakt\/\">\n\t\t\t\t\t\t\t<img decoding=\"async\" width=\"800\" height=\"534\" src=\"https:\/\/baniaesthetic.com\/wp-content\/uploads\/2023\/12\/Skanderbeg-Square-Tirana-Albania-1024x684.webp\" class=\"attachment-large size-large wp-image-63\" alt=\"\" srcset=\"https:\/\/baniaesthetic.com\/wp-content\/uploads\/2023\/12\/Skanderbeg-Square-Tirana-Albania-1024x684.webp 1024w, https:\/\/baniaesthetic.com\/wp-content\/uploads\/2023\/12\/Skanderbeg-Square-Tirana-Albania-300x200.webp 300w, https:\/\/baniaesthetic.com\/wp-content\/uploads\/2023\/12\/Skanderbeg-Square-Tirana-Albania-768x513.webp 768w, https:\/\/baniaesthetic.com\/wp-content\/uploads\/2023\/12\/Skanderbeg-Square-Tirana-Albania-1536x1025.webp 1536w, https:\/\/baniaesthetic.com\/wp-content\/uploads\/2023\/12\/Skanderbeg-Square-Tirana-Albania.webp 1600w\" sizes=\"(max-width: 800px) 100vw, 800px\" \/>\t\t\t\t\t\t\t\t<\/a>\n\t\t\t\t\t\t\t\t\t\t\t\t\t\t\t<\/div>\n\t\t\t\t<\/div>\n\t\t\t\t<div class=\"elementor-element elementor-element-1113456 elementor-widget elementor-widget-heading\" data-id=\"1113456\" data-element_type=\"widget\" data-widget_type=\"heading.default\">\n\t\t\t\t<div class=\"elementor-widget-container\">\n\t\t\t<style>\/*! elementor - v3.18.0 - 08-12-2023 *\/\n.elementor-heading-title{padding:0;margin:0;line-height:1}.elementor-widget-heading .elementor-heading-title[class*=elementor-size-]>a{color:inherit;font-size:inherit;line-height:inherit}.elementor-widget-heading .elementor-heading-title.elementor-size-small{font-size:15px}.elementor-widget-heading .elementor-heading-title.elementor-size-medium{font-size:19px}.elementor-widget-heading .elementor-heading-title.elementor-size-large{font-size:29px}.elementor-widget-heading .elementor-heading-title.elementor-size-xl{font-size:39px}.elementor-widget-heading .elementor-heading-title.elementor-size-xxl{font-size:59px}<\/style><h2 class=\"elementor-heading-title elementor-size-default\">Tirana<\/h2>\t\t<\/div>\n\t\t\t\t<\/div>\n\t\t\t\t<div class=\"elementor-element elementor-element-da3ff02 elementor-widget elementor-widget-text-editor\" data-id=\"da3ff02\" data-element_type=\"widget\" data-widget_type=\"text-editor.default\">\n\t\t\t\t<div class=\"elementor-widget-container\">\n\t\t\t<style>\/*! elementor - v3.18.0 - 08-12-2023 *\/\n.elementor-widget-text-editor.elementor-drop-cap-view-stacked .elementor-drop-cap{background-color:#69727d;color:#fff}.elementor-widget-text-editor.elementor-drop-cap-view-framed .elementor-drop-cap{color:#69727d;border:3px solid;background-color:transparent}.elementor-widget-text-editor:not(.elementor-drop-cap-view-default) .elementor-drop-cap{margin-top:8px}.elementor-widget-text-editor:not(.elementor-drop-cap-view-default) .elementor-drop-cap-letter{width:1em;height:1em}.elementor-widget-text-editor .elementor-drop-cap{float:left;text-align:center;line-height:1;font-size:50px}.elementor-widget-text-editor .elementor-drop-cap-letter{display:inline-block}<\/style>\t\t\t\t<p><span style=\"color: #000000;\"><a style=\"color: #000000;\" href=\"https:\/\/baniaesthetic.com\/index.php\/kontakt\/\"><span style=\"text-decoration: underline;\">Ler nje takim<\/span><\/a><\/span><\/p>\t\t\t\t\t\t<\/div>\n\t\t\t\t<\/div>\n\t\t\t\t\t<\/div>\n\t\t\t\t<\/div>\n\t\t<div class=\"elementor-element elementor-element-815adf6 e-con-full e-flex e-con e-child\" data-id=\"815adf6\" data-element_type=\"container\" data-settings=\"{&quot;content_width&quot;:&quot;full&quot;}\">\n\t\t\t\t<div class=\"elementor-element elementor-element-7101178 elementor-widget elementor-widget-image\" data-id=\"7101178\" data-element_type=\"widget\" data-widget_type=\"image.default\">\n\t\t\t\t<div class=\"elementor-widget-container\">\n\t\t\t\t\t\t\t\t\t\t\t\t\t\t\t\t<a href=\"https:\/\/baniaesthetic.com\/index.php\/buzz\/\">\n\t\t\t\t\t\t\t<img loading=\"lazy\" decoding=\"async\" width=\"800\" height=\"600\" src=\"https:\/\/baniaesthetic.com\/wp-content\/uploads\/2023\/12\/image00034-1024x768.jpeg\" class=\"attachment-large size-large wp-image-76\" alt=\"\" srcset=\"https:\/\/baniaesthetic.com\/wp-content\/uploads\/2023\/12\/image00034-1024x768.jpeg 1024w, https:\/\/baniaesthetic.com\/wp-content\/uploads\/2023\/12\/image00034-300x225.jpeg 300w, https:\/\/baniaesthetic.com\/wp-content\/uploads\/2023\/12\/image00034-768x576.jpeg 768w, https:\/\/baniaesthetic.com\/wp-content\/uploads\/2023\/12\/image00034-1536x1152.jpeg 1536w, https:\/\/baniaesthetic.com\/wp-content\/uploads\/2023\/12\/image00034-2048x1536.jpeg 2048w\" sizes=\"(max-width: 800px) 100vw, 800px\" \/>\t\t\t\t\t\t\t\t<\/a>\n\t\t\t\t\t\t\t\t\t\t\t\t\t\t\t<\/div>\n\t\t\t\t<\/div>\n\t\t\t\t<div class=\"elementor-element elementor-element-11e2b1a elementor-widget elementor-widget-heading\" data-id=\"11e2b1a\" data-element_type=\"widget\" data-widget_type=\"heading.default\">\n\t\t\t\t<div class=\"elementor-widget-container\">\n\t\t\t<h2 class=\"elementor-heading-title elementor-size-default\"><a href=\"https:\/\/baniaesthetic.com\/index.php\/buzz\/\">Media<\/a><\/h2>\t\t<\/div>\n\t\t\t\t<\/div>\n\t\t\t\t<div class=\"elementor-element elementor-element-026427f elementor-widget elementor-widget-text-editor\" data-id=\"026427f\" data-element_type=\"widget\" data-widget_type=\"text-editor.default\">\n\t\t\t\t<div class=\"elementor-widget-container\">\n\t\t\t\t\t\t\t<p><span style=\"color: #000000;\"><a style=\"color: #000000;\" href=\"https:\/\/baniaesthetic.com\/index.php\/buzz\/\"><span style=\"text-decoration: underline;\">Buzz<\/span><\/a><\/span><\/p>\t\t\t\t\t\t<\/div>\n\t\t\t\t<\/div>\n\t\t\t\t<\/div>\n\t\t<div class=\"elementor-element elementor-element-67562d8 e-con-full e-flex e-con e-child\" data-id=\"67562d8\" data-element_type=\"container\" data-settings=\"{&quot;content_width&quot;:&quot;full&quot;}\">\n\t\t\t\t<div class=\"elementor-element elementor-element-e3c8df9 elementor-widget elementor-widget-image\" data-id=\"e3c8df9\" data-element_type=\"widget\" data-widget_type=\"image.default\">\n\t\t\t\t<div class=\"elementor-widget-container\">\n\t\t\t\t\t\t\t\t\t\t\t\t\t\t\t\t<a href=\"https:\/\/baniaesthetic.com\/index.php\/para-pas\/\">\n\t\t\t\t\t\t\t<img decoding=\"async\" width=\"800\" height=\"543\" src=\"https:\/\/baniaesthetic.com\/wp-content\/uploads\/2023\/12\/image00103-1024x695.jpeg\" class=\"attachment-large size-large wp-image-19\" alt=\"\" srcset=\"https:\/\/baniaesthetic.com\/wp-content\/uploads\/2023\/12\/image00103-1024x695.jpeg 1024w, https:\/\/baniaesthetic.com\/wp-content\/uploads\/2023\/12\/image00103-300x204.jpeg 300w, https:\/\/baniaesthetic.com\/wp-content\/uploads\/2023\/12\/image00103-768x521.jpeg 768w, https:\/\/baniaesthetic.com\/wp-content\/uploads\/2023\/12\/image00103.jpeg 1284w\" sizes=\"(max-width: 800px) 100vw, 800px\" \/>\t\t\t\t\t\t\t\t<\/a>\n\t\t\t\t\t\t\t\t\t\t\t\t\t\t\t<\/div>\n\t\t\t\t<\/div>\n\t\t\t\t<div class=\"elementor-element elementor-element-11eaed0 elementor-widget elementor-widget-heading\" data-id=\"11eaed0\" data-element_type=\"widget\" data-widget_type=\"heading.default\">\n\t\t\t\t<div class=\"elementor-widget-container\">\n\t\t\t<h2 class=\"elementor-heading-title elementor-size-default\"><a href=\"https:\/\/baniaesthetic.com\/index.php\/para-pas\/\">Para & Pas<\/a><\/h2>\t\t<\/div>\n\t\t\t\t<\/div>\n\t\t\t\t<div class=\"elementor-element elementor-element-b058388 elementor-widget elementor-widget-text-editor\" data-id=\"b058388\" data-element_type=\"widget\" data-widget_type=\"text-editor.default\">\n\t\t\t\t<div class=\"elementor-widget-container\">\n\t\t\t\t\t\t\t<p><span style=\"color: #000000;\"><a style=\"color: #000000;\" href=\"https:\/\/baniaesthetic.com\/index.php\/para-pas\/\"><span style=\"text-decoration: underline;\">Dr. Bani Eksperience<\/span><\/a><\/span><\/p>\t\t\t\t\t\t<\/div>\n\t\t\t\t<\/div>\n\t\t\t\t<\/div>\n\t\t\t\t\t<\/div>\n\t\t\t\t<\/div>\n\t\t\t\t\t\t\t<\/div>\n\t\t","protected":false},"excerpt":{"rendered":"<p>Tirana Ler nje takim Media Buzz Para &#038; Pas Dr. Bani Eksperience<\/p>\n","protected":false},"author":1,"featured_media":0,"parent":0,"menu_order":0,"comment_status":"closed","ping_status":"closed","template":"elementor_header_footer","meta":{"footnotes":""},"class_list":["post-12","page","type-page","status-publish","hentry"],"_links":{"self":[{"href":"https:\/\/baniaesthetic.com\/index.php\/wp-json\/wp\/v2\/pages\/12","targetHints":{"allow":["GET"]}}],"collection":[{"href":"https:\/\/baniaesthetic.com\/index.php\/wp-json\/wp\/v2\/pages"}],"about":[{"href":"https:\/\/baniaesthetic.com\/index.php\/wp-json\/wp\/v2\/types\/page"}],"author":[{"embeddable":true,"href":"https:\/\/baniaesthetic.com\/index.php\/wp-json\/wp\/v2\/users\/1"}],"replies":[{"embeddable":true,"href":"https:\/\/baniaesthetic.com\/index.php\/wp-json\/wp\/v2\/comments?post=12"}],"version-history":[{"count":169,"href":"https:\/\/baniaesthetic.com\/index.php\/wp-json\/wp\/v2\/pages\/12\/revisions"}],"predecessor-version":[{"id":744,"href":"https:\/\/baniaesthetic.com\/index.php\/wp-json\/wp\/v2\/pages\/12\/revisions\/744"}],"wp:attachment":[{"href":"https:\/\/baniaesthetic.com\/index.php\/wp-json\/wp\/v2\/media?parent=12"}],"curies":[{"name":"wp","href":"https:\/\/api.w.org\/{rel}","templated":true}]}}